{"id":1913,"date":"2023-08-18T10:25:54","date_gmt":"2023-08-18T10:25:54","guid":{"rendered":"https:\/\/unhcr.nexatestwp.com\/executive-summary\/"},"modified":"2025-11-04T16:15:25","modified_gmt":"2025-11-04T16:15:25","slug":"executive-summary","status":"publish","type":"page","link":"https:\/\/zakat.unhcr.org\/annualreport\/midyear-2025\/fr\/executive-summary\/","title":{"rendered":"R\u00e9sum\u00e9 ex\u00e9cutif"},"content":{"rendered":"","protected":false},"excerpt":{"rendered":"","protected":false},"author":3,"featured_media":0,"parent":0,"menu_order":0,"comment_status":"closed","ping_status":"closed","template":"page-templates\/template-therefugeezakatfund.php","meta":{"footnotes":""},"acf":[],"_links":{"self":[{"href":"https:\/\/zakat.unhcr.org\/annualreport\/midyear-2025\/fr\/wp-json\/wp\/v2\/pages\/1913"}],"collection":[{"href":"https:\/\/zakat.unhcr.org\/annualreport\/midyear-2025\/fr\/wp-json\/wp\/v2\/pages"}],"about":[{"href":"https:\/\/zakat.unhcr.org\/annualreport\/midyear-2025\/fr\/wp-json\/wp\/v2\/types\/page"}],"author":[{"embeddable":true,"href":"https:\/\/zakat.unhcr.org\/annualreport\/midyear-2025\/fr\/wp-json\/wp\/v2\/users\/3"}],"replies":[{"embeddable":true,"href":"https:\/\/zakat.unhcr.org\/annualreport\/midyear-2025\/fr\/wp-json\/wp\/v2\/comments?post=1913"}],"version-history":[{"count":24,"href":"https:\/\/zakat.unhcr.org\/annualreport\/midyear-2025\/fr\/wp-json\/wp\/v2\/pages\/1913\/revisions"}],"predecessor-version":[{"id":5617,"href":"https:\/\/zakat.unhcr.org\/annualreport\/midyear-2025\/fr\/wp-json\/wp\/v2\/pages\/1913\/revisions\/5617"}],"wp:attachment":[{"href":"https:\/\/zakat.unhcr.org\/annualreport\/midyear-2025\/fr\/wp-json\/wp\/v2\/media?parent=1913"}],"curies":[{"name":"wp","href":"https:\/\/api.w.org\/{rel}","templated":true}]}}