{"id":36343,"date":"2019-12-10T10:20:11","date_gmt":"2019-12-10T10:20:11","guid":{"rendered":"https:\/\/zakat.unhcr.org\/?page_id=36343"},"modified":"2024-03-19T08:20:19","modified_gmt":"2024-03-19T08:20:19","slug":"qui-sommes-nous","status":"publish","type":"page","link":"https:\/\/zakat.unhcr.org\/fr\/qui-sommes-nous","title":{"rendered":"\u00c0 propos du HCR"},"content":{"rendered":"<p>Gr\u00e2ce \u00e0 son initiative sur la Zakat et sa collaboration avec la Fondation Tabah pour la recherche et la consultation, le HCR repr\u00e9sente la premi\u00e8re agence de l\u2019ONU de ce type \u00e0 fournir une marche \u00e0 suivre efficace, fiable et conforme pour s\u2019acquitter de ses obligations en mati\u00e8re de Zakat.<\/p>\n<p>Le programme unique d\u2019aide en esp\u00e8ces du HCR garantit que 100 % des contributions d\u00e9coulant de la Zakat sont directement vers\u00e9es \u00e0 ceux qui en ont besoin : les personnes r\u00e9fugi\u00e9es et d\u00e9plac\u00e9es de force. Votre Zakat est ainsi allou\u00e9e imm\u00e9diatement aux familles r\u00e9fugi\u00e9es \u00e9ligibles en Syrie, au Y\u00e9men et au Bangladesh. Les personnes r\u00e9fugi\u00e9es et d\u00e9plac\u00e9es internes sont des b\u00e9n\u00e9ficiaires \u00e9ligibles, car ils r\u00e9pondent \u00e0 quatre des huit crit\u00e8res de la Zakat.<\/p>\n<p>L\u2019initiative du HCR sur la Zakat (de la collecte \u00e0 la distribution) est soumise \u00e0 une surveillance et \u00e0 des contr\u00f4les rigoureux, garantissant la plus grande transparence tout au long du processus. De plus, notre mission fondamentale et notre travail de terrain appuient notre l\u00e9gitimit\u00e9 \u00e0 recevoir et \u00e0 redistribuer la Zakat.<\/p>\n<p>Le Fonds de Zakat pour les r\u00e9fugi\u00e9s du HCR s\u2019appuie sur <a href=\"https:\/\/zakat.unhcr.org\/blog\/fr\/fatawa\">plus de dix-sept fatwas<\/a> \u00e9manant d\u2019\u00e9rudits et d\u2019institutions de premier plan dans le monde entier, dont la Ligue islamique mondiale, l\u2019Acad\u00e9mie internationale de Fiqh islamique de l\u2019OCI et l\u2019Acad\u00e9mie de recherche islamique d\u2019Al-Azhar.<\/p>\n<p>Acquittez-vous de vos obligations en mati\u00e8re de Zakat d\u2019une fa\u00e7on rapide, efficace, discr\u00e8te et s\u00fbre par le biais d\u2019un paiement en ligne s\u00e9curis\u00e9.<\/p>\n","protected":false},"excerpt":{"rendered":"<p>Gr\u00e2ce \u00e0 son initiative sur la Zakat et sa collaboration avec la Fondation Tabah pour la recherche et la consultation, le HCR repr\u00e9sente la premi\u00e8re agence de l\u2019ONU de ce type \u00e0 fournir une marche \u00e0 suivre efficace, fiable et conforme pour s\u2019acquitter de ses obligations en mati\u00e8re de Zakat. Le programme unique d\u2019aide en [&hellip;]<\/p>\n","protected":false},"author":8,"featured_media":36344,"parent":0,"menu_order":0,"comment_status":"closed","ping_status":"closed","template":"page-about.php","meta":{"_acf_changed":false,"footnotes":""},"class_list":["post-36343","page","type-page","status-publish","has-post-thumbnail","hentry"],"acf":[],"yoast_head":"<!-- This site is optimized with the Yoast SEO plugin v23.9 - https:\/\/yoast.com\/wordpress\/plugins\/seo\/ -->\n<title>Votre Zakat peut changer des vies<\/title>\n<meta name=\"description\" content=\"HCR repr\u00e9sente la premi\u00e8re agence de l\u2019ONU de ce type \u00e0 fournir une marche \u00e0 suivre efficace, fiable et conforme pour s\u2019acquitter de ses obligations en mati\u00e8re de Zakat\" \/>\n<meta name=\"robots\" content=\"index, follow, max-snippet:-1, max-image-preview:large, max-video-preview:-1\" \/>\n<link rel=\"canonical\" href=\"https:\/\/zakat.unhcr.org\/fr\/qui-sommes-nous\" \/>\n<meta property=\"og:locale\" content=\"fr_FR\" \/>\n<meta property=\"og:type\" content=\"article\" \/>\n<meta property=\"og:title\" content=\"Votre Zakat peut changer des vies\" \/>\n<meta property=\"og:description\" content=\"HCR repr\u00e9sente la premi\u00e8re agence de l\u2019ONU de ce type \u00e0 fournir une marche \u00e0 suivre efficace, fiable et conforme pour s\u2019acquitter de ses obligations en mati\u00e8re de Zakat\" \/>\n<meta property=\"og:url\" content=\"https:\/\/zakat.unhcr.org\/fr\/qui-sommes-nous\" \/>\n<meta property=\"og:site_name\" content=\"\u0635\u0646\u062f\u0648\u0642 \u0627\u0644\u0632\u0643\u0627\u0629 \u0644\u0644\u0627\u062c\u0626\u064a\u0646 | Refugee Zakat Fund\" \/>\n<meta property=\"article:publisher\" content=\"https:\/\/www.facebook.com\/UNHCRarabic\" \/>\n<meta property=\"article:modified_time\" content=\"2024-03-19T08:20:19+00:00\" \/>\n<meta property=\"og:image\" content=\"https:\/\/zakat.unhcr.org\/wp-content\/uploads\/2019\/05\/AboutUs.jpg\" \/>\n\t<meta property=\"og:image:width\" content=\"1166\" \/>\n\t<meta property=\"og:image:height\" content=\"395\" \/>\n\t<meta property=\"og:image:type\" content=\"image\/jpeg\" \/>\n<meta name=\"twitter:card\" content=\"summary_large_image\" \/>\n<meta name=\"twitter:site\" content=\"@UNHCR_Arabic\" \/>\n<meta name=\"twitter:label1\" content=\"Dur\u00e9e de lecture estim\u00e9e\" \/>\n\t<meta name=\"twitter:data1\" content=\"2 minutes\" \/>\n<script type=\"application\/ld+json\" class=\"yoast-schema-graph\">{\"@context\":\"https:\/\/schema.org\",\"@graph\":[{\"@type\":\"WebPage\",\"@id\":\"https:\/\/zakat.unhcr.org\/fr\/qui-sommes-nous\",\"url\":\"https:\/\/zakat.unhcr.org\/fr\/qui-sommes-nous\",\"name\":\"Votre Zakat peut changer des vies\",\"isPartOf\":{\"@id\":\"https:\/\/zakat.unhcr.org\/#website\"},\"primaryImageOfPage\":{\"@id\":\"https:\/\/zakat.unhcr.org\/fr\/qui-sommes-nous#primaryimage\"},\"image\":{\"@id\":\"https:\/\/zakat.unhcr.org\/fr\/qui-sommes-nous#primaryimage\"},\"thumbnailUrl\":\"https:\/\/zakat.unhcr.org\/wp-content\/uploads\/2019\/05\/AboutUs.jpg\",\"datePublished\":\"2019-12-10T10:20:11+00:00\",\"dateModified\":\"2024-03-19T08:20:19+00:00\",\"description\":\"HCR repr\u00e9sente la premi\u00e8re agence de l\u2019ONU de ce type \u00e0 fournir une marche \u00e0 suivre efficace, fiable et conforme pour s\u2019acquitter de ses obligations en mati\u00e8re de Zakat\",\"breadcrumb\":{\"@id\":\"https:\/\/zakat.unhcr.org\/fr\/qui-sommes-nous#breadcrumb\"},\"inLanguage\":\"fr-FR\",\"potentialAction\":[{\"@type\":\"ReadAction\",\"target\":[\"https:\/\/zakat.unhcr.org\/fr\/qui-sommes-nous\"]}]},{\"@type\":\"ImageObject\",\"inLanguage\":\"fr-FR\",\"@id\":\"https:\/\/zakat.unhcr.org\/fr\/qui-sommes-nous#primaryimage\",\"url\":\"https:\/\/zakat.unhcr.org\/wp-content\/uploads\/2019\/05\/AboutUs.jpg\",\"contentUrl\":\"https:\/\/zakat.unhcr.org\/wp-content\/uploads\/2019\/05\/AboutUs.jpg\",\"width\":1166,\"height\":395,\"caption\":\"Donate Zakat for Refugees\"},{\"@type\":\"BreadcrumbList\",\"@id\":\"https:\/\/zakat.unhcr.org\/fr\/qui-sommes-nous#breadcrumb\",\"itemListElement\":[{\"@type\":\"ListItem\",\"position\":1,\"name\":\"Home\",\"item\":\"https:\/\/zakat.unhcr.org\/fr\"},{\"@type\":\"ListItem\",\"position\":2,\"name\":\"\u00c0 propos du HCR\"}]},{\"@type\":\"WebSite\",\"@id\":\"https:\/\/zakat.unhcr.org\/#website\",\"url\":\"https:\/\/zakat.unhcr.org\/\",\"name\":\"\u0635\u0646\u062f\u0648\u0642 \u0627\u0644\u0632\u0643\u0627\u0629 \u0644\u0644\u0627\u062c\u0626\u064a\u0646 | Refugee Zakat Fund\",\"description\":\"Thousands of Syrian refugee families are struggling to protect their children from the bitter cold. Your Zakat can help them to buy winter fuel\u2026\",\"publisher\":{\"@id\":\"https:\/\/zakat.unhcr.org\/#organization\"},\"potentialAction\":[{\"@type\":\"SearchAction\",\"target\":{\"@type\":\"EntryPoint\",\"urlTemplate\":\"https:\/\/zakat.unhcr.org\/?s={search_term_string}\"},\"query-input\":{\"@type\":\"PropertyValueSpecification\",\"valueRequired\":true,\"valueName\":\"search_term_string\"}}],\"inLanguage\":\"fr-FR\"},{\"@type\":\"Organization\",\"@id\":\"https:\/\/zakat.unhcr.org\/#organization\",\"name\":\"UNHCR\",\"url\":\"https:\/\/zakat.unhcr.org\/\",\"logo\":{\"@type\":\"ImageObject\",\"inLanguage\":\"fr-FR\",\"@id\":\"https:\/\/zakat.unhcr.org\/#\/schema\/logo\/image\/\",\"url\":\"https:\/\/zakat.unhcr.org\/wp-content\/uploads\/2019\/05\/unhcr-blue-logo-90-en.png\",\"contentUrl\":\"https:\/\/zakat.unhcr.org\/wp-content\/uploads\/2019\/05\/unhcr-blue-logo-90-en.png\",\"width\":425,\"height\":102,\"caption\":\"UNHCR\"},\"image\":{\"@id\":\"https:\/\/zakat.unhcr.org\/#\/schema\/logo\/image\/\"},\"sameAs\":[\"https:\/\/www.facebook.com\/UNHCRarabic\",\"https:\/\/x.com\/UNHCR_Arabic\",\"https:\/\/www.instagram.com\/unhcr_arabic\/\",\"https:\/\/www.youtube.com\/user\/UNHCRArabic\"]}]}<\/script>\n<!-- \/ Yoast SEO plugin. -->","yoast_head_json":{"title":"Votre Zakat peut changer des vies","description":"HCR repr\u00e9sente la premi\u00e8re agence de l\u2019ONU de ce type \u00e0 fournir une marche \u00e0 suivre efficace, fiable et conforme pour s\u2019acquitter de ses obligations en mati\u00e8re de Zakat","robots":{"index":"index","follow":"follow","max-snippet":"max-snippet:-1","max-image-preview":"max-image-preview:large","max-video-preview":"max-video-preview:-1"},"canonical":"https:\/\/zakat.unhcr.org\/fr\/qui-sommes-nous","og_locale":"fr_FR","og_type":"article","og_title":"Votre Zakat peut changer des vies","og_description":"HCR repr\u00e9sente la premi\u00e8re agence de l\u2019ONU de ce type \u00e0 fournir une marche \u00e0 suivre efficace, fiable et conforme pour s\u2019acquitter de ses obligations en mati\u00e8re de Zakat","og_url":"https:\/\/zakat.unhcr.org\/fr\/qui-sommes-nous","og_site_name":"\u0635\u0646\u062f\u0648\u0642 \u0627\u0644\u0632\u0643\u0627\u0629 \u0644\u0644\u0627\u062c\u0626\u064a\u0646 | Refugee Zakat Fund","article_publisher":"https:\/\/www.facebook.com\/UNHCRarabic","article_modified_time":"2024-03-19T08:20:19+00:00","og_image":[{"width":1166,"height":395,"url":"https:\/\/zakat.unhcr.org\/wp-content\/uploads\/2019\/05\/AboutUs.jpg","type":"image\/jpeg"}],"twitter_card":"summary_large_image","twitter_site":"@UNHCR_Arabic","twitter_misc":{"Dur\u00e9e de lecture estim\u00e9e":"2 minutes"},"schema":{"@context":"https:\/\/schema.org","@graph":[{"@type":"WebPage","@id":"https:\/\/zakat.unhcr.org\/fr\/qui-sommes-nous","url":"https:\/\/zakat.unhcr.org\/fr\/qui-sommes-nous","name":"Votre Zakat peut changer des vies","isPartOf":{"@id":"https:\/\/zakat.unhcr.org\/#website"},"primaryImageOfPage":{"@id":"https:\/\/zakat.unhcr.org\/fr\/qui-sommes-nous#primaryimage"},"image":{"@id":"https:\/\/zakat.unhcr.org\/fr\/qui-sommes-nous#primaryimage"},"thumbnailUrl":"https:\/\/zakat.unhcr.org\/wp-content\/uploads\/2019\/05\/AboutUs.jpg","datePublished":"2019-12-10T10:20:11+00:00","dateModified":"2024-03-19T08:20:19+00:00","description":"HCR repr\u00e9sente la premi\u00e8re agence de l\u2019ONU de ce type \u00e0 fournir une marche \u00e0 suivre efficace, fiable et conforme pour s\u2019acquitter de ses obligations en mati\u00e8re de Zakat","breadcrumb":{"@id":"https:\/\/zakat.unhcr.org\/fr\/qui-sommes-nous#breadcrumb"},"inLanguage":"fr-FR","potentialAction":[{"@type":"ReadAction","target":["https:\/\/zakat.unhcr.org\/fr\/qui-sommes-nous"]}]},{"@type":"ImageObject","inLanguage":"fr-FR","@id":"https:\/\/zakat.unhcr.org\/fr\/qui-sommes-nous#primaryimage","url":"https:\/\/zakat.unhcr.org\/wp-content\/uploads\/2019\/05\/AboutUs.jpg","contentUrl":"https:\/\/zakat.unhcr.org\/wp-content\/uploads\/2019\/05\/AboutUs.jpg","width":1166,"height":395,"caption":"Donate Zakat for Refugees"},{"@type":"BreadcrumbList","@id":"https:\/\/zakat.unhcr.org\/fr\/qui-sommes-nous#breadcrumb","itemListElement":[{"@type":"ListItem","position":1,"name":"Home","item":"https:\/\/zakat.unhcr.org\/fr"},{"@type":"ListItem","position":2,"name":"\u00c0 propos du HCR"}]},{"@type":"WebSite","@id":"https:\/\/zakat.unhcr.org\/#website","url":"https:\/\/zakat.unhcr.org\/","name":"\u0635\u0646\u062f\u0648\u0642 \u0627\u0644\u0632\u0643\u0627\u0629 \u0644\u0644\u0627\u062c\u0626\u064a\u0646 | Refugee Zakat Fund","description":"Thousands of Syrian refugee families are struggling to protect their children from the bitter cold. Your Zakat can help them to buy winter fuel\u2026","publisher":{"@id":"https:\/\/zakat.unhcr.org\/#organization"},"potentialAction":[{"@type":"SearchAction","target":{"@type":"EntryPoint","urlTemplate":"https:\/\/zakat.unhcr.org\/?s={search_term_string}"},"query-input":{"@type":"PropertyValueSpecification","valueRequired":true,"valueName":"search_term_string"}}],"inLanguage":"fr-FR"},{"@type":"Organization","@id":"https:\/\/zakat.unhcr.org\/#organization","name":"UNHCR","url":"https:\/\/zakat.unhcr.org\/","logo":{"@type":"ImageObject","inLanguage":"fr-FR","@id":"https:\/\/zakat.unhcr.org\/#\/schema\/logo\/image\/","url":"https:\/\/zakat.unhcr.org\/wp-content\/uploads\/2019\/05\/unhcr-blue-logo-90-en.png","contentUrl":"https:\/\/zakat.unhcr.org\/wp-content\/uploads\/2019\/05\/unhcr-blue-logo-90-en.png","width":425,"height":102,"caption":"UNHCR"},"image":{"@id":"https:\/\/zakat.unhcr.org\/#\/schema\/logo\/image\/"},"sameAs":["https:\/\/www.facebook.com\/UNHCRarabic","https:\/\/x.com\/UNHCR_Arabic","https:\/\/www.instagram.com\/unhcr_arabic\/","https:\/\/www.youtube.com\/user\/UNHCRArabic"]}]}},"_links":{"self":[{"href":"https:\/\/zakat.unhcr.org\/fr\/wp-json\/wp\/v2\/pages\/36343"}],"collection":[{"href":"https:\/\/zakat.unhcr.org\/fr\/wp-json\/wp\/v2\/pages"}],"about":[{"href":"https:\/\/zakat.unhcr.org\/fr\/wp-json\/wp\/v2\/types\/page"}],"author":[{"embeddable":true,"href":"https:\/\/zakat.unhcr.org\/fr\/wp-json\/wp\/v2\/users\/8"}],"replies":[{"embeddable":true,"href":"https:\/\/zakat.unhcr.org\/fr\/wp-json\/wp\/v2\/comments?post=36343"}],"version-history":[{"count":10,"href":"https:\/\/zakat.unhcr.org\/fr\/wp-json\/wp\/v2\/pages\/36343\/revisions"}],"predecessor-version":[{"id":52413,"href":"https:\/\/zakat.unhcr.org\/fr\/wp-json\/wp\/v2\/pages\/36343\/revisions\/52413"}],"wp:featuredmedia":[{"embeddable":true,"href":"https:\/\/zakat.unhcr.org\/fr\/wp-json\/wp\/v2\/media\/36344"}],"wp:attachment":[{"href":"https:\/\/zakat.unhcr.org\/fr\/wp-json\/wp\/v2\/media?parent=36343"}],"curies":[{"name":"wp","href":"https:\/\/api.w.org\/{rel}","templated":true}]}}